{"id":317,"date":"2023-02-25T19:16:11","date_gmt":"2023-02-25T19:16:11","guid":{"rendered":"https:\/\/cdmlaboratorio.com\/new\/?page_id=317"},"modified":"2024-01-18T15:54:04","modified_gmt":"2024-01-18T21:54:04","slug":"rayos-x-y-ultrasonido","status":"publish","type":"page","link":"https:\/\/cdmlaboratorio.com\/index.php\/rayos-x-y-ultrasonido\/","title":{"rendered":"Rayos X y Ultrasonido"},"content":{"rendered":"\t\t<div data-elementor-type=\"wp-page\" data-elementor-id=\"317\" class=\"elementor elementor-317\" data-elementor-post-type=\"page\">\n\t\t\t\t<div class=\"elementor-element elementor-element-8f09457 e-con-full e-flex e-con e-parent\" data-id=\"8f09457\" data-element_type=\"container\">\n\t\t\t\t<div class=\"elementor-element elementor-element-3881114 elementor-widget elementor-widget-template\" data-id=\"3881114\" data-element_type=\"widget\" data-widget_type=\"template.default\">\n\t\t\t\t<div class=\"elementor-widget-container\">\n\t\t\t\t\t\t\t<div class=\"elementor-template\">\n\t\t\t\t\t<div data-elementor-type=\"container\" data-elementor-id=\"258\" class=\"elementor elementor-258\" data-elementor-post-type=\"elementor_library\">\n\t\t\t\t<div class=\"elementor-element elementor-element-227476d9 e-con-full e-flex e-con e-parent\" data-id=\"227476d9\" data-element_type=\"container\" data-settings=\"{&quot;background_background&quot;:&quot;classic&quot;}\">\n\t\t\t\t<\/div>\n\t\t\t\t<\/div>\n\t\t\t\t<\/div>\n\t\t\t\t\t\t<\/div>\n\t\t\t\t<\/div>\n\t\t\t\t<\/div>\n\t\t<div class=\"elementor-element elementor-element-891dc5d e-flex e-con-boxed e-con e-parent\" data-id=\"891dc5d\" data-element_type=\"container\">\n\t\t\t\t\t<div class=\"e-con-inner\">\n\t\t<div class=\"elementor-element elementor-element-a7a366d e-con-full e-flex e-con e-child\" data-id=\"a7a366d\" data-element_type=\"container\" data-settings=\"{&quot;background_background&quot;:&quot;classic&quot;}\">\n\t\t\t\t<div class=\"elementor-element elementor-element-4f7884c elementor-widget elementor-widget-text-editor\" data-id=\"4f7884c\" data-element_type=\"widget\" data-widget_type=\"text-editor.default\">\n\t\t\t\t<div class=\"elementor-widget-container\">\n\t\t\t\t\t\t\t\t\t<h4 class=\" additional-class-312408123 bd-content-element\">Rayos X<\/h4><ul><li class=\" additional-class-1837695952 bd-content-element\">Columna Cervical<\/li><li class=\" additional-class-1837695952 bd-content-element\">Tele de T\u00f3rax<\/li><li class=\" additional-class-1837695952 bd-content-element\">Senos Paranasales<\/li><li class=\" additional-class-1837695952 bd-content-element\">Cr\u00e1neo<\/li><li class=\" additional-class-1837695952 bd-content-element\">T\u00f3rax \u00d3seo<\/li><li class=\" additional-class-1837695952 bd-content-element\">Etc., etc.<\/li><\/ul>\t\t\t\t\t\t\t\t<\/div>\n\t\t\t\t<\/div>\n\t\t\t\t<\/div>\n\t\t<div class=\"elementor-element elementor-element-5274997 e-con-full e-flex e-con e-child\" data-id=\"5274997\" data-element_type=\"container\" data-settings=\"{&quot;background_background&quot;:&quot;classic&quot;}\">\n\t\t\t\t<div class=\"elementor-element elementor-element-43d576b elementor-widget elementor-widget-text-editor\" data-id=\"43d576b\" data-element_type=\"widget\" data-widget_type=\"text-editor.default\">\n\t\t\t\t<div class=\"elementor-widget-container\">\n\t\t\t\t\t\t\t\t\t<h4 class=\" additional-class-4969324 bd-content-element\">Ultrasonido 3 y 4D<\/h4><ul><li class=\" additional-class-209217357 bd-content-element\">Renal<\/li><li class=\" additional-class-209217357 bd-content-element\">H\u00edgado y VB<\/li><li class=\" additional-class-209217357 bd-content-element\">Obst\u00e9trico<\/li><li class=\" additional-class-209217357 bd-content-element\">Pr\u00f3stata<\/li><li class=\" additional-class-209217357 bd-content-element\">Tiroides<\/li><li class=\" additional-class-209217357 bd-content-element\">Etc., etc.<\/li><\/ul>\t\t\t\t\t\t\t\t<\/div>\n\t\t\t\t<\/div>\n\t\t\t\t<\/div>\n\t\t<div class=\"elementor-element elementor-element-a317216 e-con-full e-flex e-con e-child\" data-id=\"a317216\" data-element_type=\"container\">\n\t\t\t\t<div class=\"elementor-element elementor-element-e501440 elementor-widget elementor-widget-heading\" data-id=\"e501440\" data-element_type=\"widget\" data-widget_type=\"heading.default\">\n\t\t\t\t<div class=\"elementor-widget-container\">\n\t\t\t\t\t<h2 class=\"elementor-heading-title elementor-size-default\">Horario de atenci\u00f3n<\/h2>\t\t\t\t<\/div>\n\t\t\t\t<\/div>\n\t\t\t\t<div class=\"elementor-element elementor-element-42689c0 elementor-widget elementor-widget-text-editor\" data-id=\"42689c0\" data-element_type=\"widget\" data-widget_type=\"text-editor.default\">\n\t\t\t\t<div class=\"elementor-widget-container\">\n\t\t\t\t\t\t\t\t\tPara su comodidad hacemos toma de muestras con horario extendido\t\t\t\t\t\t\t\t<\/div>\n\t\t\t\t<\/div>\n\t\t\t\t<div class=\"elementor-element elementor-element-2cdfac3 elementor-widget elementor-widget-heading\" data-id=\"2cdfac3\" data-element_type=\"widget\" data-widget_type=\"heading.default\">\n\t\t\t\t<div class=\"elementor-widget-container\">\n\t\t\t\t\t<h5 class=\"elementor-heading-title elementor-size-default\">Cl\u00ednica Diego Ru\u00edz<\/h5>\t\t\t\t<\/div>\n\t\t\t\t<\/div>\n\t\t\t\t<div class=\"elementor-element elementor-element-b799c82 elementor-widget elementor-widget-text-editor\" data-id=\"b799c82\" data-element_type=\"widget\" data-widget_type=\"text-editor.default\">\n\t\t\t\t<div class=\"elementor-widget-container\">\n\t\t\t\t\t\t\t\t\tLunes a viernes de 7:00 a 15:00 hrs.<br>\nS\u00e1bado de 7:00 a 14:00 hrs.\t\t\t\t\t\t\t\t<\/div>\n\t\t\t\t<\/div>\n\t\t\t\t<div class=\"elementor-element elementor-element-1eb010f elementor-widget elementor-widget-text-editor\" data-id=\"1eb010f\" data-element_type=\"widget\" data-widget_type=\"text-editor.default\">\n\t\t\t\t<div class=\"elementor-widget-container\">\n\t\t\t\t\t\t\t\t\t<p>Ultrasonido de lunes a viernes de 8:30 a 13:00 hrs.<br \/>S\u00e1bado de 8:30 a 11:00 am.<\/p>\t\t\t\t\t\t\t\t<\/div>\n\t\t\t\t<\/div>\n\t\t\t\t<div class=\"elementor-element elementor-element-39c6ea2 elementor-widget elementor-widget-heading\" data-id=\"39c6ea2\" data-element_type=\"widget\" data-widget_type=\"heading.default\">\n\t\t\t\t<div class=\"elementor-widget-container\">\n\t\t\t\t\t<h5 class=\"elementor-heading-title elementor-size-default\">Cl\u00ednica Madero<\/h5>\t\t\t\t<\/div>\n\t\t\t\t<\/div>\n\t\t\t\t<div class=\"elementor-element elementor-element-8c3823c elementor-widget elementor-widget-text-editor\" data-id=\"8c3823c\" data-element_type=\"widget\" data-widget_type=\"text-editor.default\">\n\t\t\t\t<div class=\"elementor-widget-container\">\n\t\t\t\t\t\t\t\t\t<p>Lunes a Domingo de 7:00 a 19:00 hrs.<\/p>\t\t\t\t\t\t\t\t<\/div>\n\t\t\t\t<\/div>\n\t\t\t\t<div class=\"elementor-element elementor-element-6d06313 elementor-widget elementor-widget-text-editor\" data-id=\"6d06313\" data-element_type=\"widget\" data-widget_type=\"text-editor.default\">\n\t\t\t\t<div class=\"elementor-widget-container\">\n\t\t\t\t\t\t\t\t\t<p>Tu m\u00e9dico te proporcionar\u00e1 indicaciones previas a presentarte al laboratorio<\/p>\t\t\t\t\t\t\t\t<\/div>\n\t\t\t\t<\/div>\n\t\t\t\t<\/div>\n\t\t\t\t\t<\/div>\n\t\t\t\t<\/div>\n\t\t<div class=\"elementor-element elementor-element-204a271 e-flex e-con-boxed e-con e-parent\" data-id=\"204a271\" data-element_type=\"container\">\n\t\t\t\t\t<div class=\"e-con-inner\">\n\t\t\t\t<div class=\"elementor-element elementor-element-2074f5a elementor-widget elementor-widget-heading\" data-id=\"2074f5a\" data-element_type=\"widget\" data-widget_type=\"heading.default\">\n\t\t\t\t<div class=\"elementor-widget-container\">\n\t\t\t\t\t<h2 class=\"elementor-heading-title elementor-size-default\">Haga su cita en l\u00ednea para Ultrasonido<\/h2>\t\t\t\t<\/div>\n\t\t\t\t<\/div>\n\t\t\t\t\t<\/div>\n\t\t\t\t<\/div>\n\t\t<div class=\"elementor-element elementor-element-58af012 e-flex e-con-boxed e-con e-parent\" data-id=\"58af012\" data-element_type=\"container\">\n\t\t\t\t\t<div class=\"e-con-inner\">\n\t\t<div class=\"elementor-element elementor-element-3c0c7a0 e-con-full e-flex e-con e-child\" data-id=\"3c0c7a0\" data-element_type=\"container\">\n\t\t\t\t<div class=\"elementor-element elementor-element-2ab25c9 elementor-widget elementor-widget-image\" data-id=\"2ab25c9\" data-element_type=\"widget\" data-widget_type=\"image.default\">\n\t\t\t\t<div class=\"elementor-widget-container\">\n\t\t\t\t\t\t\t\t\t\t\t\t\t\t\t<img fetchpriority=\"high\" decoding=\"async\" width=\"370\" height=\"250\" src=\"https:\/\/cdmlaboratorio.com\/wp-content\/uploads\/2023\/02\/foto1.jpg\" class=\"attachment-large size-large wp-image-414\" alt=\"\" \/>\t\t\t\t\t\t\t\t\t\t\t\t\t\t\t<\/div>\n\t\t\t\t<\/div>\n\t\t\t\t<\/div>\n\t\t<div class=\"elementor-element elementor-element-b2f5e14 e-con-full e-flex e-con e-child\" data-id=\"b2f5e14\" data-element_type=\"container\">\n\t\t\t\t<div class=\"elementor-element elementor-element-ad0ae26 elementor-widget elementor-widget-image\" data-id=\"ad0ae26\" data-element_type=\"widget\" data-widget_type=\"image.default\">\n\t\t\t\t<div class=\"elementor-widget-container\">\n\t\t\t\t\t\t\t\t\t\t\t\t\t\t\t<img decoding=\"async\" width=\"370\" height=\"250\" src=\"https:\/\/cdmlaboratorio.com\/wp-content\/uploads\/2023\/02\/foto2.jpg\" class=\"attachment-large size-large wp-image-415\" alt=\"\" \/>\t\t\t\t\t\t\t\t\t\t\t\t\t\t\t<\/div>\n\t\t\t\t<\/div>\n\t\t\t\t<\/div>\n\t\t<div class=\"elementor-element elementor-element-029bf23 e-con-full e-flex e-con e-child\" data-id=\"029bf23\" data-element_type=\"container\">\n\t\t\t\t<div class=\"elementor-element elementor-element-f47eb2b elementor-widget elementor-widget-image\" data-id=\"f47eb2b\" data-element_type=\"widget\" data-widget_type=\"image.default\">\n\t\t\t\t<div class=\"elementor-widget-container\">\n\t\t\t\t\t\t\t\t\t\t\t\t\t\t\t<img decoding=\"async\" width=\"370\" height=\"250\" src=\"https:\/\/cdmlaboratorio.com\/wp-content\/uploads\/2023\/02\/foto3.jpg\" class=\"attachment-large size-large wp-image-416\" alt=\"\" \/>\t\t\t\t\t\t\t\t\t\t\t\t\t\t\t<\/div>\n\t\t\t\t<\/div>\n\t\t\t\t<\/div>\n\t\t\t\t\t<\/div>\n\t\t\t\t<\/div>\n\t\t<div class=\"elementor-element elementor-element-8448cbc e-flex e-con-boxed e-con e-parent\" data-id=\"8448cbc\" data-element_type=\"container\">\n\t\t\t\t\t<div class=\"e-con-inner\">\n\t\t\t\t<div class=\"elementor-element elementor-element-9dbc417 elementor-widget elementor-widget-spacer\" data-id=\"9dbc417\" data-element_type=\"widget\" data-widget_type=\"spacer.default\">\n\t\t\t\t<div class=\"elementor-widget-container\">\n\t\t\t\t\t\t\t<div class=\"elementor-spacer\">\n\t\t\t<div class=\"elementor-spacer-inner\"><\/div>\n\t\t<\/div>\n\t\t\t\t\t\t<\/div>\n\t\t\t\t<\/div>\n\t\t\t\t\t<\/div>\n\t\t\t\t<\/div>\n\t\t\t\t<\/div>\n\t\t","protected":false},"excerpt":{"rendered":"<p>Rayos X Columna Cervical Tele de T\u00f3rax Senos Paranasales Cr\u00e1neo T\u00f3rax \u00d3seo Etc., etc. Ultrasonido 3 y 4D Renal H\u00edgado y VB Obst\u00e9trico Pr\u00f3stata Tiroides Etc., etc. Horario de atenci\u00f3n Para su comodidad hacemos toma de muestras con horario extendido Cl\u00ednica Diego Ru\u00edz Lunes a viernes de 7:00 a 15:00 hrs. S\u00e1bado de 7:00 a [&hellip;]<\/p>\n","protected":false},"author":1,"featured_media":0,"parent":0,"menu_order":0,"comment_status":"closed","ping_status":"closed","template":"","meta":{"footnotes":""},"class_list":["post-317","page","type-page","status-publish","hentry"],"_links":{"self":[{"href":"https:\/\/cdmlaboratorio.com\/index.php\/wp-json\/wp\/v2\/pages\/317","targetHints":{"allow":["GET"]}}],"collection":[{"href":"https:\/\/cdmlaboratorio.com\/index.php\/wp-json\/wp\/v2\/pages"}],"about":[{"href":"https:\/\/cdmlaboratorio.com\/index.php\/wp-json\/wp\/v2\/types\/page"}],"author":[{"embeddable":true,"href":"https:\/\/cdmlaboratorio.com\/index.php\/wp-json\/wp\/v2\/users\/1"}],"replies":[{"embeddable":true,"href":"https:\/\/cdmlaboratorio.com\/index.php\/wp-json\/wp\/v2\/comments?post=317"}],"version-history":[{"count":0,"href":"https:\/\/cdmlaboratorio.com\/index.php\/wp-json\/wp\/v2\/pages\/317\/revisions"}],"wp:attachment":[{"href":"https:\/\/cdmlaboratorio.com\/index.php\/wp-json\/wp\/v2\/media?parent=317"}],"curies":[{"name":"wp","href":"https:\/\/api.w.org\/{rel}","templated":true}]}}