{"id":319,"date":"2023-02-25T19:16:42","date_gmt":"2023-02-25T19:16:42","guid":{"rendered":"https:\/\/cdmlaboratorio.com\/new\/?page_id=319"},"modified":"2024-01-18T16:20:14","modified_gmt":"2024-01-18T22:20:14","slug":"especialidades","status":"publish","type":"page","link":"https:\/\/cdmlaboratorio.com\/index.php\/especialidades\/","title":{"rendered":"Especialidades"},"content":{"rendered":"\t\t<div data-elementor-type=\"wp-page\" data-elementor-id=\"319\" class=\"elementor elementor-319\" data-elementor-post-type=\"page\">\n\t\t\t\t<div class=\"elementor-element elementor-element-b5f4832 e-con-full e-flex e-con e-parent\" data-id=\"b5f4832\" data-element_type=\"container\">\n\t\t\t\t<div class=\"elementor-element elementor-element-d6cfb88 elementor-widget elementor-widget-template\" data-id=\"d6cfb88\" data-element_type=\"widget\" data-widget_type=\"template.default\">\n\t\t\t\t<div class=\"elementor-widget-container\">\n\t\t\t\t\t\t\t<div class=\"elementor-template\">\n\t\t\t\t\t<div data-elementor-type=\"container\" data-elementor-id=\"258\" class=\"elementor elementor-258\" data-elementor-post-type=\"elementor_library\">\n\t\t\t\t<div class=\"elementor-element elementor-element-227476d9 e-con-full e-flex e-con e-parent\" data-id=\"227476d9\" data-element_type=\"container\" data-settings=\"{&quot;background_background&quot;:&quot;classic&quot;}\">\n\t\t\t\t<\/div>\n\t\t\t\t<\/div>\n\t\t\t\t<\/div>\n\t\t\t\t\t\t<\/div>\n\t\t\t\t<\/div>\n\t\t\t\t<\/div>\n\t\t<div class=\"elementor-element elementor-element-b092315 e-flex e-con-boxed e-con e-parent\" data-id=\"b092315\" data-element_type=\"container\">\n\t\t\t\t\t<div class=\"e-con-inner\">\n\t\t<div class=\"elementor-element elementor-element-391fc04 e-con-full e-flex e-con e-child\" data-id=\"391fc04\" data-element_type=\"container\" data-settings=\"{&quot;background_background&quot;:&quot;classic&quot;}\">\n\t\t\t\t<div class=\"elementor-element elementor-element-649735d elementor-widget elementor-widget-text-editor\" data-id=\"649735d\" data-element_type=\"widget\" data-widget_type=\"text-editor.default\">\n\t\t\t\t<div class=\"elementor-widget-container\">\n\t\t\t\t\t\t\t\t\t<p><b>Medicina Familiar:<\/b> <i>Dr. Edgar P\u00e9rez Abundez<\/i><br \/><b>Dermatolog\u00eda<\/b>: <i>Dr. Alejandro Gallegos<\/i><br \/><b>M\u00e9dico Utrasonografista:<\/b> <i>Dra. Georgina Galindo Ju\u00e1rez<\/i><\/p><p><b>Radiolog\u00eda e Imagen:<\/b> <i>Dra. Mireya Cort\u00e9s | Dra. Aida Ochoa<\/i><\/p>\t\t\t\t\t\t\t\t<\/div>\n\t\t\t\t<\/div>\n\t\t\t\t<\/div>\n\t\t<div class=\"elementor-element elementor-element-d5d7c1e e-con-full e-flex e-con e-child\" data-id=\"d5d7c1e\" data-element_type=\"container\">\n\t\t\t\t<div class=\"elementor-element elementor-element-d218755 elementor-widget elementor-widget-heading\" data-id=\"d218755\" data-element_type=\"widget\" data-widget_type=\"heading.default\">\n\t\t\t\t<div class=\"elementor-widget-container\">\n\t\t\t\t\t<h2 class=\"elementor-heading-title elementor-size-default\">Consultas de Especialidades solo con cita previa<\/h2>\t\t\t\t<\/div>\n\t\t\t\t<\/div>\n\t\t\t\t<div class=\"elementor-element elementor-element-0ee8441 elementor-widget elementor-widget-text-editor\" data-id=\"0ee8441\" data-element_type=\"widget\" data-widget_type=\"text-editor.default\">\n\t\t\t\t<div class=\"elementor-widget-container\">\n\t\t\t\t\t\t\t\t\t<p>Por cuestiones de horarios todas las consultas de especialidades se hacen con cita previa, llame al:<\/p>\t\t\t\t\t\t\t\t<\/div>\n\t\t\t\t<\/div>\n\t\t\t\t<div class=\"elementor-element elementor-element-83c4d5d elementor-widget elementor-widget-heading\" data-id=\"83c4d5d\" data-element_type=\"widget\" data-widget_type=\"heading.default\">\n\t\t\t\t<div class=\"elementor-widget-container\">\n\t\t\t\t\t<h5 class=\"elementor-heading-title elementor-size-default\">Cl\u00ednica Diego Ru\u00edz<\/h5>\t\t\t\t<\/div>\n\t\t\t\t<\/div>\n\t\t\t\t<div class=\"elementor-element elementor-element-037c35b elementor-widget elementor-widget-text-editor\" data-id=\"037c35b\" data-element_type=\"widget\" data-widget_type=\"text-editor.default\">\n\t\t\t\t<div class=\"elementor-widget-container\">\n\t\t\t\t\t\t\t\t\tTel: 735 398 35 46\t\t\t\t\t\t\t\t<\/div>\n\t\t\t\t<\/div>\n\t\t\t\t<div class=\"elementor-element elementor-element-acb5783 elementor-widget elementor-widget-text-editor\" data-id=\"acb5783\" data-element_type=\"widget\" data-widget_type=\"text-editor.default\">\n\t\t\t\t<div class=\"elementor-widget-container\">\n\t\t\t\t\t\t\t\t\t<p>Cel: 735 206 70 85<\/p>\t\t\t\t\t\t\t\t<\/div>\n\t\t\t\t<\/div>\n\t\t\t\t<\/div>\n\t\t\t\t\t<\/div>\n\t\t\t\t<\/div>\n\t\t<div class=\"elementor-element elementor-element-fe09a62 e-flex e-con-boxed e-con e-parent\" data-id=\"fe09a62\" data-element_type=\"container\">\n\t\t\t\t\t<div class=\"e-con-inner\">\n\t\t<div class=\"elementor-element elementor-element-e0ab163 e-con-full e-flex e-con e-child\" data-id=\"e0ab163\" data-element_type=\"container\">\n\t\t\t\t<div class=\"elementor-element elementor-element-a621af7 elementor-widget elementor-widget-image\" data-id=\"a621af7\" data-element_type=\"widget\" data-widget_type=\"image.default\">\n\t\t\t\t<div class=\"elementor-widget-container\">\n\t\t\t\t\t\t\t\t\t\t\t\t\t\t\t<img fetchpriority=\"high\" decoding=\"async\" width=\"370\" height=\"250\" src=\"https:\/\/cdmlaboratorio.com\/wp-content\/uploads\/2023\/02\/foto1e.jpg\" class=\"attachment-large size-large wp-image-432\" alt=\"\" \/>\t\t\t\t\t\t\t\t\t\t\t\t\t\t\t<\/div>\n\t\t\t\t<\/div>\n\t\t\t\t<\/div>\n\t\t<div class=\"elementor-element elementor-element-cab2171 e-con-full e-flex e-con e-child\" data-id=\"cab2171\" data-element_type=\"container\">\n\t\t\t\t<div class=\"elementor-element elementor-element-cb96154 elementor-widget elementor-widget-image\" data-id=\"cb96154\" data-element_type=\"widget\" data-widget_type=\"image.default\">\n\t\t\t\t<div class=\"elementor-widget-container\">\n\t\t\t\t\t\t\t\t\t\t\t\t\t\t\t<img decoding=\"async\" width=\"370\" height=\"250\" src=\"https:\/\/cdmlaboratorio.com\/wp-content\/uploads\/2023\/02\/foto2e.jpg\" class=\"attachment-large size-large wp-image-433\" alt=\"\" \/>\t\t\t\t\t\t\t\t\t\t\t\t\t\t\t<\/div>\n\t\t\t\t<\/div>\n\t\t\t\t<\/div>\n\t\t<div class=\"elementor-element elementor-element-ca93eb9 e-con-full e-flex e-con e-child\" data-id=\"ca93eb9\" data-element_type=\"container\">\n\t\t\t\t<div class=\"elementor-element elementor-element-b5faab6 elementor-widget elementor-widget-image\" data-id=\"b5faab6\" data-element_type=\"widget\" data-widget_type=\"image.default\">\n\t\t\t\t<div class=\"elementor-widget-container\">\n\t\t\t\t\t\t\t\t\t\t\t\t\t\t\t<img decoding=\"async\" width=\"370\" height=\"250\" src=\"https:\/\/cdmlaboratorio.com\/wp-content\/uploads\/2023\/02\/foto3e.jpg\" class=\"attachment-large size-large wp-image-434\" alt=\"\" \/>\t\t\t\t\t\t\t\t\t\t\t\t\t\t\t<\/div>\n\t\t\t\t<\/div>\n\t\t\t\t<\/div>\n\t\t\t\t\t<\/div>\n\t\t\t\t<\/div>\n\t\t<div class=\"elementor-element elementor-element-e6780be e-flex e-con-boxed e-con e-parent\" data-id=\"e6780be\" data-element_type=\"container\">\n\t\t\t\t\t<div class=\"e-con-inner\">\n\t\t\t\t<div class=\"elementor-element elementor-element-ef1dbd5 elementor-widget elementor-widget-spacer\" data-id=\"ef1dbd5\" data-element_type=\"widget\" data-widget_type=\"spacer.default\">\n\t\t\t\t<div class=\"elementor-widget-container\">\n\t\t\t\t\t\t\t<div class=\"elementor-spacer\">\n\t\t\t<div class=\"elementor-spacer-inner\"><\/div>\n\t\t<\/div>\n\t\t\t\t\t\t<\/div>\n\t\t\t\t<\/div>\n\t\t\t\t\t<\/div>\n\t\t\t\t<\/div>\n\t\t\t\t<\/div>\n\t\t","protected":false},"excerpt":{"rendered":"<p>Medicina Familiar: Dr. Edgar P\u00e9rez AbundezDermatolog\u00eda: Dr. Alejandro GallegosM\u00e9dico Utrasonografista: Dra. Georgina Galindo Ju\u00e1rez Radiolog\u00eda e Imagen: Dra. Mireya Cort\u00e9s | Dra. Aida Ochoa Consultas de Especialidades solo con cita previa Por cuestiones de horarios todas las consultas de especialidades se hacen con cita previa, llame al: Cl\u00ednica Diego Ru\u00edz Tel: 735 398 35 46 [&hellip;]<\/p>\n","protected":false},"author":1,"featured_media":0,"parent":0,"menu_order":0,"comment_status":"closed","ping_status":"closed","template":"","meta":{"footnotes":""},"class_list":["post-319","page","type-page","status-publish","hentry"],"_links":{"self":[{"href":"https:\/\/cdmlaboratorio.com\/index.php\/wp-json\/wp\/v2\/pages\/319","targetHints":{"allow":["GET"]}}],"collection":[{"href":"https:\/\/cdmlaboratorio.com\/index.php\/wp-json\/wp\/v2\/pages"}],"about":[{"href":"https:\/\/cdmlaboratorio.com\/index.php\/wp-json\/wp\/v2\/types\/page"}],"author":[{"embeddable":true,"href":"https:\/\/cdmlaboratorio.com\/index.php\/wp-json\/wp\/v2\/users\/1"}],"replies":[{"embeddable":true,"href":"https:\/\/cdmlaboratorio.com\/index.php\/wp-json\/wp\/v2\/comments?post=319"}],"version-history":[{"count":0,"href":"https:\/\/cdmlaboratorio.com\/index.php\/wp-json\/wp\/v2\/pages\/319\/revisions"}],"wp:attachment":[{"href":"https:\/\/cdmlaboratorio.com\/index.php\/wp-json\/wp\/v2\/media?parent=319"}],"curies":[{"name":"wp","href":"https:\/\/api.w.org\/{rel}","templated":true}]}}