{"id":34,"date":"2023-02-24T18:48:41","date_gmt":"2023-02-24T18:48:41","guid":{"rendered":"https:\/\/cdmlaboratorio.com\/new\/?page_id=34"},"modified":"2024-01-09T08:39:21","modified_gmt":"2024-01-09T14:39:21","slug":"nosotros","status":"publish","type":"page","link":"https:\/\/cdmlaboratorio.com\/index.php\/nosotros\/","title":{"rendered":"Nosotros"},"content":{"rendered":"\t\t<div data-elementor-type=\"wp-page\" data-elementor-id=\"34\" class=\"elementor elementor-34\" data-elementor-post-type=\"page\">\n\t\t\t\t<div class=\"elementor-element elementor-element-c7c1263 e-con-full e-flex e-con e-parent\" data-id=\"c7c1263\" data-element_type=\"container\">\n\t\t\t\t<div class=\"elementor-element elementor-element-2ea2486 elementor-widget elementor-widget-template\" data-id=\"2ea2486\" data-element_type=\"widget\" data-widget_type=\"template.default\">\n\t\t\t\t<div class=\"elementor-widget-container\">\n\t\t\t\t\t\t\t<div class=\"elementor-template\">\n\t\t\t\t\t<div data-elementor-type=\"container\" data-elementor-id=\"258\" class=\"elementor elementor-258\" data-elementor-post-type=\"elementor_library\">\n\t\t\t\t<div class=\"elementor-element elementor-element-227476d9 e-con-full e-flex e-con e-parent\" data-id=\"227476d9\" data-element_type=\"container\" data-settings=\"{&quot;background_background&quot;:&quot;classic&quot;}\">\n\t\t\t\t<\/div>\n\t\t\t\t<\/div>\n\t\t\t\t<\/div>\n\t\t\t\t\t\t<\/div>\n\t\t\t\t<\/div>\n\t\t\t\t<\/div>\n\t\t<div class=\"elementor-element elementor-element-ab6b6fb e-flex e-con-boxed e-con e-parent\" data-id=\"ab6b6fb\" data-element_type=\"container\">\n\t\t\t\t\t<div class=\"e-con-inner\">\n\t\t<div class=\"elementor-element elementor-element-769e913 e-con-full e-flex e-con e-parent\" data-id=\"769e913\" data-element_type=\"container\">\n\t\t\t\t<div class=\"elementor-element elementor-element-9f6c0b0 elementor-widget elementor-widget-image\" data-id=\"9f6c0b0\" data-element_type=\"widget\" data-widget_type=\"image.default\">\n\t\t\t\t<div class=\"elementor-widget-container\">\n\t\t\t\t\t\t\t\t\t\t\t\t\t\t\t<img fetchpriority=\"high\" decoding=\"async\" width=\"560\" height=\"400\" src=\"https:\/\/cdmlaboratorio.com\/wp-content\/uploads\/2023\/02\/nosotros-3.jpg\" class=\"attachment-large size-large wp-image-346\" alt=\"\" \/>\t\t\t\t\t\t\t\t\t\t\t\t\t\t\t<\/div>\n\t\t\t\t<\/div>\n\t\t\t\t<\/div>\n\t\t<div class=\"elementor-element elementor-element-23894ff e-con-full e-flex e-con e-parent\" data-id=\"23894ff\" data-element_type=\"container\">\n\t\t\t\t<div class=\"elementor-element elementor-element-35aba2d elementor-widget elementor-widget-heading\" data-id=\"35aba2d\" data-element_type=\"widget\" data-widget_type=\"heading.default\">\n\t\t\t\t<div class=\"elementor-widget-container\">\n\t\t\t\t\t<h2 class=\"elementor-heading-title elementor-size-default\">El Centro de Diagn\u00f3stico Multidisciplinario (CDM)<\/h2>\t\t\t\t<\/div>\n\t\t\t\t<\/div>\n\t\t\t\t<div class=\"elementor-element elementor-element-968611e elementor-widget elementor-widget-text-editor\" data-id=\"968611e\" data-element_type=\"widget\" data-widget_type=\"text-editor.default\">\n\t\t\t\t<div class=\"elementor-widget-container\">\n\t\t\t\t\t\t\t\t\t<p>Somos una empresa 100% mexicana, comprometidos en proporcionar un servicio de excelencia, que garantice la con\ufb01abilidad, confidencialidad y oportunidad de los resultados de nuestros pacientes.<\/p>\t\t\t\t\t\t\t\t<\/div>\n\t\t\t\t<\/div>\n\t\t\t\t<\/div>\n\t\t\t\t\t<\/div>\n\t\t\t\t<\/div>\n\t\t<div class=\"elementor-element elementor-element-6b8210d e-flex e-con-boxed e-con e-parent\" data-id=\"6b8210d\" data-element_type=\"container\" data-settings=\"{&quot;background_background&quot;:&quot;classic&quot;}\">\n\t\t\t\t\t<div class=\"e-con-inner\">\n\t\t<div class=\"elementor-element elementor-element-9259005 e-con-full e-flex e-con e-parent\" data-id=\"9259005\" data-element_type=\"container\">\n\t\t\t\t<div class=\"elementor-element elementor-element-2f2eb9a elementor-widget elementor-widget-image\" data-id=\"2f2eb9a\" data-element_type=\"widget\" data-widget_type=\"image.default\">\n\t\t\t\t<div class=\"elementor-widget-container\">\n\t\t\t\t\t\t\t\t\t\t\t\t\t\t\t<img decoding=\"async\" width=\"560\" height=\"400\" src=\"https:\/\/cdmlaboratorio.com\/wp-content\/uploads\/2023\/02\/nosotros-1.jpg\" class=\"attachment-large size-large wp-image-344\" alt=\"\" \/>\t\t\t\t\t\t\t\t\t\t\t\t\t\t\t<\/div>\n\t\t\t\t<\/div>\n\t\t\t\t<\/div>\n\t\t<div class=\"elementor-element elementor-element-b64c3a1 e-con-full e-flex e-con e-parent\" data-id=\"b64c3a1\" data-element_type=\"container\">\n\t\t\t\t<div class=\"elementor-element elementor-element-1e3a890 elementor-widget elementor-widget-heading\" data-id=\"1e3a890\" data-element_type=\"widget\" data-widget_type=\"heading.default\">\n\t\t\t\t<div class=\"elementor-widget-container\">\n\t\t\t\t\t<h2 class=\"elementor-heading-title elementor-size-default\">En el CDM contribuimos al cuidado de tu salud.<\/h2>\t\t\t\t<\/div>\n\t\t\t\t<\/div>\n\t\t\t\t<div class=\"elementor-element elementor-element-9163247 elementor-widget elementor-widget-text-editor\" data-id=\"9163247\" data-element_type=\"widget\" data-widget_type=\"text-editor.default\">\n\t\t\t\t<div class=\"elementor-widget-container\">\n\t\t\t\t\t\t\t\t\t<p>Contamos un equipo de profesionales, que utilizan tecnolog\u00eda de punta para realizar an\u00e1lisis cl\u00ednicos, de rutina y especiales; estudios de gabinetes como ultrasonido y rayos x digital as\u00ed como atenci\u00f3n en diversas especialidades m\u00e9dicas prevenir y diagnosticar.<\/p>\t\t\t\t\t\t\t\t<\/div>\n\t\t\t\t<\/div>\n\t\t\t\t<\/div>\n\t\t\t\t\t<\/div>\n\t\t\t\t<\/div>\n\t\t<div class=\"elementor-element elementor-element-f13ec1b e-flex e-con-boxed e-con e-parent\" data-id=\"f13ec1b\" data-element_type=\"container\">\n\t\t\t\t\t<div class=\"e-con-inner\">\n\t\t<div class=\"elementor-element elementor-element-57293a9 e-con-full e-flex e-con e-parent\" data-id=\"57293a9\" data-element_type=\"container\">\n\t\t\t\t<div class=\"elementor-element elementor-element-21af2b0 elementor-widget elementor-widget-image\" data-id=\"21af2b0\" data-element_type=\"widget\" data-widget_type=\"image.default\">\n\t\t\t\t<div class=\"elementor-widget-container\">\n\t\t\t\t\t\t\t\t\t\t\t\t\t\t\t<img decoding=\"async\" width=\"560\" height=\"400\" src=\"https:\/\/cdmlaboratorio.com\/wp-content\/uploads\/2023\/02\/nosotros-2.jpg\" class=\"attachment-large size-large wp-image-345\" alt=\"\" \/>\t\t\t\t\t\t\t\t\t\t\t\t\t\t\t<\/div>\n\t\t\t\t<\/div>\n\t\t\t\t<\/div>\n\t\t<div class=\"elementor-element elementor-element-2f3088b e-con-full e-flex e-con e-parent\" data-id=\"2f3088b\" data-element_type=\"container\">\n\t\t\t\t<div class=\"elementor-element elementor-element-57742ab elementor-widget elementor-widget-heading\" data-id=\"57742ab\" data-element_type=\"widget\" data-widget_type=\"heading.default\">\n\t\t\t\t<div class=\"elementor-widget-container\">\n\t\t\t\t\t<h2 class=\"elementor-heading-title elementor-size-default\">Altos est\u00e1ndares de Calidad.<\/h2>\t\t\t\t<\/div>\n\t\t\t\t<\/div>\n\t\t\t\t<div class=\"elementor-element elementor-element-3cc3ba8 elementor-widget elementor-widget-text-editor\" data-id=\"3cc3ba8\" data-element_type=\"widget\" data-widget_type=\"text-editor.default\">\n\t\t\t\t<div class=\"elementor-widget-container\">\n\t\t\t\t\t\t\t\t\t<p>Somos una de las empresas en la ciudad m\u00e1s calificadas en el diagn\u00f3stico m\u00e9dico; cuyos objetivos son la calidad y la mejora continua; seguimos las buenas pr\u00e1cticas profesionales y nos ajustamos estrictamente a los procedimientos del Sistema de Gesti\u00f3n de la Calidad.<\/p>\t\t\t\t\t\t\t\t<\/div>\n\t\t\t\t<\/div>\n\t\t\t\t<\/div>\n\t\t\t\t\t<\/div>\n\t\t\t\t<\/div>\n\t\t<div class=\"elementor-element elementor-element-ce7b4c2 e-flex e-con-boxed e-con e-parent\" data-id=\"ce7b4c2\" data-element_type=\"container\" data-settings=\"{&quot;background_background&quot;:&quot;classic&quot;}\">\n\t\t\t\t\t<div class=\"e-con-inner\">\n\t\t<div class=\"elementor-element elementor-element-64abfbf e-con-full e-flex e-con e-parent\" data-id=\"64abfbf\" data-element_type=\"container\">\n\t\t\t\t<div class=\"elementor-element elementor-element-d359ecf elementor-widget elementor-widget-image\" data-id=\"d359ecf\" data-element_type=\"widget\" data-widget_type=\"image.default\">\n\t\t\t\t<div class=\"elementor-widget-container\">\n\t\t\t\t\t\t\t\t\t\t\t\t\t\t\t<img loading=\"lazy\" decoding=\"async\" width=\"560\" height=\"400\" src=\"https:\/\/cdmlaboratorio.com\/wp-content\/uploads\/2023\/02\/nosotros-4.jpg\" class=\"attachment-large size-large wp-image-347\" alt=\"\" \/>\t\t\t\t\t\t\t\t\t\t\t\t\t\t\t<\/div>\n\t\t\t\t<\/div>\n\t\t\t\t<\/div>\n\t\t<div class=\"elementor-element elementor-element-d65e7ac e-con-full e-flex e-con e-parent\" data-id=\"d65e7ac\" data-element_type=\"container\">\n\t\t\t\t<div class=\"elementor-element elementor-element-07c1c20 elementor-widget elementor-widget-heading\" data-id=\"07c1c20\" data-element_type=\"widget\" data-widget_type=\"heading.default\">\n\t\t\t\t<div class=\"elementor-widget-container\">\n\t\t\t\t\t<h2 class=\"elementor-heading-title elementor-size-default\">Su Salud en buenas manos.<\/h2>\t\t\t\t<\/div>\n\t\t\t\t<\/div>\n\t\t\t\t<div class=\"elementor-element elementor-element-aed20af elementor-widget elementor-widget-text-editor\" data-id=\"aed20af\" data-element_type=\"widget\" data-widget_type=\"text-editor.default\">\n\t\t\t\t<div class=\"elementor-widget-container\">\n\t\t\t\t\t\t\t\t\t<p>La salud es el mayor compromiso que tenemos con nuestros pacientes, procuramos un trato c\u00e1lido y amigable, para hacerlos sentir protegidos y cuidados. Otra manera de preocuparnos por nuestros pacientes es a trav\u00e9s de un costo justo por nuestros servicios.<\/p>\t\t\t\t\t\t\t\t<\/div>\n\t\t\t\t<\/div>\n\t\t\t\t<div class=\"elementor-element elementor-element-c09b1a3 elementor-widget elementor-widget-text-editor\" data-id=\"c09b1a3\" data-element_type=\"widget\" data-widget_type=\"text-editor.default\">\n\t\t\t\t<div class=\"elementor-widget-container\">\n\t\t\t\t\t\t\t\t\tEstamos en constante evoluci\u00f3n, actualiz\u00e1ndonos y buscando soluciones para tu mayor tranquilidad y seguridad&#8230; <span class=\"azul\">Su salud en buenas manos.<\/span>\t\t\t\t\t\t\t\t<\/div>\n\t\t\t\t<\/div>\n\t\t\t\t<\/div>\n\t\t\t\t\t<\/div>\n\t\t\t\t<\/div>\n\t\t<div class=\"elementor-element elementor-element-dd47c65 e-flex e-con-boxed e-con e-parent\" data-id=\"dd47c65\" data-element_type=\"container\">\n\t\t\t\t\t<div class=\"e-con-inner\">\n\t\t\t\t<div class=\"elementor-element elementor-element-b324962 elementor-widget elementor-widget-spacer\" data-id=\"b324962\" data-element_type=\"widget\" data-widget_type=\"spacer.default\">\n\t\t\t\t<div class=\"elementor-widget-container\">\n\t\t\t\t\t\t\t<div class=\"elementor-spacer\">\n\t\t\t<div class=\"elementor-spacer-inner\"><\/div>\n\t\t<\/div>\n\t\t\t\t\t\t<\/div>\n\t\t\t\t<\/div>\n\t\t\t\t\t<\/div>\n\t\t\t\t<\/div>\n\t\t\t\t<\/div>\n\t\t","protected":false},"excerpt":{"rendered":"<p>El Centro de Diagn\u00f3stico Multidisciplinario (CDM) Somos una empresa 100% mexicana, comprometidos en proporcionar un servicio de excelencia, que garantice la con\ufb01abilidad, confidencialidad y oportunidad de los resultados de nuestros pacientes. En el CDM contribuimos al cuidado de tu salud. Contamos un equipo de profesionales, que utilizan tecnolog\u00eda de punta para realizar an\u00e1lisis cl\u00ednicos, de [&hellip;]<\/p>\n","protected":false},"author":1,"featured_media":0,"parent":0,"menu_order":0,"comment_status":"closed","ping_status":"closed","template":"","meta":{"footnotes":""},"class_list":["post-34","page","type-page","status-publish","hentry"],"_links":{"self":[{"href":"https:\/\/cdmlaboratorio.com\/index.php\/wp-json\/wp\/v2\/pages\/34","targetHints":{"allow":["GET"]}}],"collection":[{"href":"https:\/\/cdmlaboratorio.com\/index.php\/wp-json\/wp\/v2\/pages"}],"about":[{"href":"https:\/\/cdmlaboratorio.com\/index.php\/wp-json\/wp\/v2\/types\/page"}],"author":[{"embeddable":true,"href":"https:\/\/cdmlaboratorio.com\/index.php\/wp-json\/wp\/v2\/users\/1"}],"replies":[{"embeddable":true,"href":"https:\/\/cdmlaboratorio.com\/index.php\/wp-json\/wp\/v2\/comments?post=34"}],"version-history":[{"count":0,"href":"https:\/\/cdmlaboratorio.com\/index.php\/wp-json\/wp\/v2\/pages\/34\/revisions"}],"wp:attachment":[{"href":"https:\/\/cdmlaboratorio.com\/index.php\/wp-json\/wp\/v2\/media?parent=34"}],"curies":[{"name":"wp","href":"https:\/\/api.w.org\/{rel}","templated":true}]}}