{"id":36,"date":"2023-02-24T18:48:55","date_gmt":"2023-02-24T18:48:55","guid":{"rendered":"https:\/\/cdmlaboratorio.com\/new\/?page_id=36"},"modified":"2024-01-18T15:52:51","modified_gmt":"2024-01-18T21:52:51","slug":"analisis-clinicos","status":"publish","type":"page","link":"https:\/\/cdmlaboratorio.com\/index.php\/analisis-clinicos\/","title":{"rendered":"An\u00e1lisis Cl\u00ednicos"},"content":{"rendered":"\t\t<div data-elementor-type=\"wp-page\" data-elementor-id=\"36\" class=\"elementor elementor-36\" data-elementor-post-type=\"page\">\n\t\t\t\t<div class=\"elementor-element elementor-element-4a86176 e-con-full e-flex e-con e-parent\" data-id=\"4a86176\" data-element_type=\"container\">\n\t\t\t\t<div class=\"elementor-element elementor-element-cf27f2c elementor-widget elementor-widget-template\" data-id=\"cf27f2c\" data-element_type=\"widget\" data-widget_type=\"template.default\">\n\t\t\t\t<div class=\"elementor-widget-container\">\n\t\t\t\t\t\t\t<div class=\"elementor-template\">\n\t\t\t\t\t<div data-elementor-type=\"container\" data-elementor-id=\"258\" class=\"elementor elementor-258\" data-elementor-post-type=\"elementor_library\">\n\t\t\t\t<div class=\"elementor-element elementor-element-227476d9 e-con-full e-flex e-con e-parent\" data-id=\"227476d9\" data-element_type=\"container\" data-settings=\"{&quot;background_background&quot;:&quot;classic&quot;}\">\n\t\t\t\t<\/div>\n\t\t\t\t<\/div>\n\t\t\t\t<\/div>\n\t\t\t\t\t\t<\/div>\n\t\t\t\t<\/div>\n\t\t\t\t<\/div>\n\t\t<div class=\"elementor-element elementor-element-f146a42 e-flex e-con-boxed e-con e-parent\" data-id=\"f146a42\" data-element_type=\"container\">\n\t\t\t\t\t<div class=\"e-con-inner\">\n\t\t<div class=\"elementor-element elementor-element-281bf0d e-con-full e-flex e-con e-child\" data-id=\"281bf0d\" data-element_type=\"container\" data-settings=\"{&quot;background_background&quot;:&quot;classic&quot;}\">\n\t\t\t\t<div class=\"elementor-element elementor-element-d84fa41 elementor-widget elementor-widget-text-editor\" data-id=\"d84fa41\" data-element_type=\"widget\" data-widget_type=\"text-editor.default\">\n\t\t\t\t<div class=\"elementor-widget-container\">\n\t\t\t\t\t\t\t\t\t<ul><li>Hematolog\u00eda<\/li><li>Coagulaci\u00f3n<\/li><li>Qu\u00edmica Sangu\u00ednea<\/li><li>Funci\u00f3n Hep\u00e1tica<\/li><li>Inmunolog\u00eda<\/li><li>Perfiles<\/li><\/ul>\t\t\t\t\t\t\t\t<\/div>\n\t\t\t\t<\/div>\n\t\t\t\t<\/div>\n\t\t<div class=\"elementor-element elementor-element-521ff1c e-con-full e-flex e-con e-child\" data-id=\"521ff1c\" data-element_type=\"container\" data-settings=\"{&quot;background_background&quot;:&quot;classic&quot;}\">\n\t\t\t\t<div class=\"elementor-element elementor-element-f8da058 elementor-widget elementor-widget-text-editor\" data-id=\"f8da058\" data-element_type=\"widget\" data-widget_type=\"text-editor.default\">\n\t\t\t\t<div class=\"elementor-widget-container\">\n\t\t\t\t\t\t\t\t\t<ul><li>Papanicolaou<\/li><li>Endocrinolog\u00eda<\/li><li>Bacteriolog\u00eda<\/li><li>Estudios de orina<\/li><li>Electrolitos s\u00e9ricos<\/li><li>Parasitolog\u00eda<\/li><\/ul>\t\t\t\t\t\t\t\t<\/div>\n\t\t\t\t<\/div>\n\t\t\t\t<\/div>\n\t\t<div class=\"elementor-element elementor-element-6479e57 e-con-full e-flex e-con e-child\" data-id=\"6479e57\" data-element_type=\"container\">\n\t\t\t\t<div class=\"elementor-element elementor-element-e3bf323 elementor-widget elementor-widget-heading\" data-id=\"e3bf323\" data-element_type=\"widget\" data-widget_type=\"heading.default\">\n\t\t\t\t<div class=\"elementor-widget-container\">\n\t\t\t\t\t<h2 class=\"elementor-heading-title elementor-size-default\">Horario de toma de muestras<\/h2>\t\t\t\t<\/div>\n\t\t\t\t<\/div>\n\t\t\t\t<div class=\"elementor-element elementor-element-0639bba elementor-widget elementor-widget-text-editor\" data-id=\"0639bba\" data-element_type=\"widget\" data-widget_type=\"text-editor.default\">\n\t\t\t\t<div class=\"elementor-widget-container\">\n\t\t\t\t\t\t\t\t\tPara su comodidad hacemos toma de muestras con horario extendido\t\t\t\t\t\t\t\t<\/div>\n\t\t\t\t<\/div>\n\t\t\t\t<div class=\"elementor-element elementor-element-f5e20a8 elementor-widget elementor-widget-heading\" data-id=\"f5e20a8\" data-element_type=\"widget\" data-widget_type=\"heading.default\">\n\t\t\t\t<div class=\"elementor-widget-container\">\n\t\t\t\t\t<h5 class=\"elementor-heading-title elementor-size-default\">Cl\u00ednica Diego Ru\u00edz<\/h5>\t\t\t\t<\/div>\n\t\t\t\t<\/div>\n\t\t\t\t<div class=\"elementor-element elementor-element-e1b4c73 elementor-widget elementor-widget-text-editor\" data-id=\"e1b4c73\" data-element_type=\"widget\" data-widget_type=\"text-editor.default\">\n\t\t\t\t<div class=\"elementor-widget-container\">\n\t\t\t\t\t\t\t\t\tLunes a viernes de 7:00 a 15:00 hrs.<br>\nS\u00e1bado de 7:00 a 14:00 hrs.\t\t\t\t\t\t\t\t<\/div>\n\t\t\t\t<\/div>\n\t\t\t\t<div class=\"elementor-element elementor-element-523a48e elementor-widget elementor-widget-heading\" data-id=\"523a48e\" data-element_type=\"widget\" data-widget_type=\"heading.default\">\n\t\t\t\t<div class=\"elementor-widget-container\">\n\t\t\t\t\t<h5 class=\"elementor-heading-title elementor-size-default\">Cl\u00ednica Madero<\/h5>\t\t\t\t<\/div>\n\t\t\t\t<\/div>\n\t\t\t\t<div class=\"elementor-element elementor-element-aa8ee11 elementor-widget elementor-widget-text-editor\" data-id=\"aa8ee11\" data-element_type=\"widget\" data-widget_type=\"text-editor.default\">\n\t\t\t\t<div class=\"elementor-widget-container\">\n\t\t\t\t\t\t\t\t\t<p>Lunes a Domingo de 7:00 a 19:00 hrs.<\/p>\t\t\t\t\t\t\t\t<\/div>\n\t\t\t\t<\/div>\n\t\t\t\t<div class=\"elementor-element elementor-element-52cdbe6 elementor-widget elementor-widget-text-editor\" data-id=\"52cdbe6\" data-element_type=\"widget\" data-widget_type=\"text-editor.default\">\n\t\t\t\t<div class=\"elementor-widget-container\">\n\t\t\t\t\t\t\t\t\t<p>Tu m\u00e9dico te proporcionar\u00e1 indicaciones previas a presentarte al laboratorio<\/p>\t\t\t\t\t\t\t\t<\/div>\n\t\t\t\t<\/div>\n\t\t\t\t<\/div>\n\t\t\t\t\t<\/div>\n\t\t\t\t<\/div>\n\t\t<div class=\"elementor-element elementor-element-d01fbe6 e-flex e-con-boxed e-con e-parent\" data-id=\"d01fbe6\" data-element_type=\"container\">\n\t\t\t\t\t<div class=\"e-con-inner\">\n\t\t<div class=\"elementor-element elementor-element-3b3fe85 e-con-full e-flex e-con e-child\" data-id=\"3b3fe85\" data-element_type=\"container\">\n\t\t\t\t<div class=\"elementor-element elementor-element-b6496c0 elementor-widget elementor-widget-image\" data-id=\"b6496c0\" data-element_type=\"widget\" data-widget_type=\"image.default\">\n\t\t\t\t<div class=\"elementor-widget-container\">\n\t\t\t\t\t\t\t\t\t\t\t\t\t\t\t<img fetchpriority=\"high\" decoding=\"async\" width=\"370\" height=\"250\" src=\"https:\/\/cdmlaboratorio.com\/wp-content\/uploads\/2023\/02\/fig1.jpg\" class=\"attachment-large size-large wp-image-392\" alt=\"\" \/>\t\t\t\t\t\t\t\t\t\t\t\t\t\t\t<\/div>\n\t\t\t\t<\/div>\n\t\t\t\t<\/div>\n\t\t<div class=\"elementor-element elementor-element-fd5c5c9 e-con-full e-flex e-con e-child\" data-id=\"fd5c5c9\" data-element_type=\"container\">\n\t\t\t\t<div class=\"elementor-element elementor-element-db2984c elementor-widget elementor-widget-image\" data-id=\"db2984c\" data-element_type=\"widget\" data-widget_type=\"image.default\">\n\t\t\t\t<div class=\"elementor-widget-container\">\n\t\t\t\t\t\t\t\t\t\t\t\t\t\t\t<img decoding=\"async\" width=\"370\" height=\"250\" src=\"https:\/\/cdmlaboratorio.com\/wp-content\/uploads\/2023\/02\/fig2.jpg\" class=\"attachment-large size-large wp-image-393\" alt=\"\" \/>\t\t\t\t\t\t\t\t\t\t\t\t\t\t\t<\/div>\n\t\t\t\t<\/div>\n\t\t\t\t<\/div>\n\t\t<div class=\"elementor-element elementor-element-86e8e42 e-con-full e-flex e-con e-child\" data-id=\"86e8e42\" data-element_type=\"container\">\n\t\t\t\t<div class=\"elementor-element elementor-element-a330dac elementor-widget elementor-widget-image\" data-id=\"a330dac\" data-element_type=\"widget\" data-widget_type=\"image.default\">\n\t\t\t\t<div class=\"elementor-widget-container\">\n\t\t\t\t\t\t\t\t\t\t\t\t\t\t\t<img decoding=\"async\" width=\"370\" height=\"250\" src=\"https:\/\/cdmlaboratorio.com\/wp-content\/uploads\/2023\/02\/fig3.jpg\" class=\"attachment-large size-large wp-image-394\" alt=\"\" \/>\t\t\t\t\t\t\t\t\t\t\t\t\t\t\t<\/div>\n\t\t\t\t<\/div>\n\t\t\t\t<\/div>\n\t\t\t\t\t<\/div>\n\t\t\t\t<\/div>\n\t\t<div class=\"elementor-element elementor-element-cece6ad e-flex e-con-boxed e-con e-parent\" data-id=\"cece6ad\" data-element_type=\"container\">\n\t\t\t\t\t<div class=\"e-con-inner\">\n\t\t\t\t<div class=\"elementor-element elementor-element-5b060ea elementor-widget elementor-widget-spacer\" data-id=\"5b060ea\" data-element_type=\"widget\" data-widget_type=\"spacer.default\">\n\t\t\t\t<div class=\"elementor-widget-container\">\n\t\t\t\t\t\t\t<div class=\"elementor-spacer\">\n\t\t\t<div class=\"elementor-spacer-inner\"><\/div>\n\t\t<\/div>\n\t\t\t\t\t\t<\/div>\n\t\t\t\t<\/div>\n\t\t\t\t\t<\/div>\n\t\t\t\t<\/div>\n\t\t\t\t<\/div>\n\t\t","protected":false},"excerpt":{"rendered":"<p>Hematolog\u00eda Coagulaci\u00f3n Qu\u00edmica Sangu\u00ednea Funci\u00f3n Hep\u00e1tica Inmunolog\u00eda Perfiles Papanicolaou Endocrinolog\u00eda Bacteriolog\u00eda Estudios de orina Electrolitos s\u00e9ricos Parasitolog\u00eda Horario de toma de muestras Para su comodidad hacemos toma de muestras con horario extendido Cl\u00ednica Diego Ru\u00edz Lunes a viernes de 7:00 a 15:00 hrs. S\u00e1bado de 7:00 a 14:00 hrs. Cl\u00ednica Madero Lunes a Domingo de [&hellip;]<\/p>\n","protected":false},"author":1,"featured_media":0,"parent":0,"menu_order":0,"comment_status":"closed","ping_status":"closed","template":"","meta":{"footnotes":""},"class_list":["post-36","page","type-page","status-publish","hentry"],"_links":{"self":[{"href":"https:\/\/cdmlaboratorio.com\/index.php\/wp-json\/wp\/v2\/pages\/36","targetHints":{"allow":["GET"]}}],"collection":[{"href":"https:\/\/cdmlaboratorio.com\/index.php\/wp-json\/wp\/v2\/pages"}],"about":[{"href":"https:\/\/cdmlaboratorio.com\/index.php\/wp-json\/wp\/v2\/types\/page"}],"author":[{"embeddable":true,"href":"https:\/\/cdmlaboratorio.com\/index.php\/wp-json\/wp\/v2\/users\/1"}],"replies":[{"embeddable":true,"href":"https:\/\/cdmlaboratorio.com\/index.php\/wp-json\/wp\/v2\/comments?post=36"}],"version-history":[{"count":0,"href":"https:\/\/cdmlaboratorio.com\/index.php\/wp-json\/wp\/v2\/pages\/36\/revisions"}],"wp:attachment":[{"href":"https:\/\/cdmlaboratorio.com\/index.php\/wp-json\/wp\/v2\/media?parent=36"}],"curies":[{"name":"wp","href":"https:\/\/api.w.org\/{rel}","templated":true}]}}